{"id":2612,"date":"2021-06-02T10:15:30","date_gmt":"2021-06-02T08:15:30","guid":{"rendered":"https:\/\/www.bdgs-associes.com\/?page_id=2612"},"modified":"2021-06-02T10:15:57","modified_gmt":"2021-06-02T08:15:57","slug":"cookie-policy","status":"publish","type":"page","link":"https:\/\/www.bdgs-associes.com\/en\/cookie-policy\/","title":{"rendered":"Cookie policy"},"content":{"rendered":"<div class=\"wpb-content-wrapper\"><p>[vc_row][vc_column][vc_column_text]<\/p>\n<h1><span style=\"color: #41526b;\">Cookie policy<\/span><\/h1>\n<p>[\/vc_column_text][\/vc_column][\/vc_row][vc_row][vc_column width=&#8221;1\/3&#8243;][vc_column_text css=&#8221;.vc_custom_1622621559533{border-top-width: 1px !important;border-right-width: 1px !important;border-bottom-width: 1px !important;border-left-width: 1px !important;padding-top: 10px !important;padding-bottom: 10px !important;background-color: #ededed !important;border-left-color: #cecece !important;border-left-style: solid !important;border-right-color: #cecece !important;border-right-style: solid !important;border-top-color: #cecece !important;border-top-style: solid !important;border-bottom-color: #cecece !important;border-bottom-style: solid !important;}&#8221;]<\/p>\n<p style=\"text-align: center;\"><span style=\"color: #000000;\">[wt_cli_manage_consent]<\/span><\/p>\n<p>[\/vc_column_text][\/vc_column][vc_column width=&#8221;1\/3&#8243;][\/vc_column][vc_column width=&#8221;1\/3&#8243;][\/vc_column][\/vc_row][vc_row][vc_column][vc_column_text]<\/p>\n<p style=\"text-align: justify;\"><strong>1) Qu&#8217;est-ce qu&#8217;un cookie ?<\/strong><\/p>\n<p style=\"text-align: justify;\">Un Cookie ou \u00ab traceur \u00bb est un petit fichier informatique d\u00e9pos\u00e9 et lu lors de la consultation de notre site internet ou de notre application et ce, quel que soit le type de terminal utilis\u00e9 tels qu\u2019un ordinateur ou un smartphone.\u00a0L&#8217;utilisation de ces traceurs est soumise \u00e0 votre consentement d\u00e8s lors qu&#8217;ils ne sont pas strictement n\u00e9cessaires au fonctionnement de notre site ou que leur finalit\u00e9 ne se limite pas \u00e0 la seule mesure d\u2019audience.<\/p>\n<p>[\/vc_column_text][vc_column_text]<\/p>\n<p style=\"text-align: justify;\"><strong>2) Quels sont les cookies utilis\u00e9s ou pouvant \u00eatre utilis\u00e9s par BDGS Associ\u00e9s ?<\/strong><\/p>\n<p><em>2.1 Les cookies techniques et fonctionnels<br \/>\n<\/em>Ces cookies nous permettent de vous d\u00e9livrer des services adapt\u00e9s \u00e0 votre navigation, et de vous offrir les principales fonctionnalit\u00e9s du site. BDGS Associ\u00e9s peut \u00eatre amen\u00e9e \u00e0 utiliser les Cookies suivants :<\/p>\n<ul>\n<li>la suite de cookies<em> cookielawinfo-checkbox<\/em>, pour pr\u00e9senter au visiteur, conform\u00e9ment \u00e0 la r\u00e9glementation, la politique de confidentialit\u00e9 et de gestion des cookies, avec la possibilit\u00e9 de param\u00e9trer cette derni\u00e8re.<\/li>\n<\/ul>\n<p style=\"text-align: justify;\"><em>2.2 Les Cookies analytiques\/mesure d\u2019audience<\/em><\/p>\n<p style=\"text-align: justify;\">Ces cookies nous permettent d&#8217;obtenir des informations quant \u00e0 la fr\u00e9quentation de notre site et d&#8217;analyser les donn\u00e9es reli\u00e9es au trafic. Ces statistiques de fr\u00e9quentation nous permettent notamment de d\u00e9tecter des probl\u00e8mes de navigation et ainsi d&#8217;optimiser votre navigation et votre exp\u00e9rience de lecture. BDGS Associ\u00e9s utilise les cookies analytiques de Google Analytics suivants :<\/p>\n<ul style=\"text-align: justify;\">\n<li><em>_ga, <\/em>pour enregistrer un identifiant unique utilis\u00e9 pour g\u00e9n\u00e9rer des donn\u00e9es statistiques sur la fa\u00e7on dont le visiteur utilise le site.<\/li>\n<li>_ga_#, pour recueillir des donn\u00e9es sur le nombre de fois qu &#8216;un utilisateur a visit\u00e9 le site web ainsi que les dates de la premi\u00e8re et de la plus r\u00e9cente visite.<\/li>\n<li><em>_gat<\/em>, pour diminuer radicalement le taux de requ\u00eates<\/li>\n<li><em>_gid<\/em>, pour enregistrer un identifiant unique utilis\u00e9 pour g\u00e9n\u00e9rer des donn\u00e9es statistiques sur la fa\u00e7on dont le visiteur utilise le site.<\/li>\n<\/ul>\n<p style=\"text-align: justify;\"><em>2.3 Les cookies d\u2019am\u00e9lioration de l\u2019exp\u00e9rience utilisateur<\/em><\/p>\n<p style=\"text-align: justify;\">Ces cookies permettent au site de retenir les informations qui modifient la mani\u00e8re dont le site se comporte ou s\u2019affiche pour am\u00e9liorer votre exp\u00e9rience utilisateur. BDGS Associ\u00e9s peut \u00eatre amen\u00e9e \u00e0 utiliser le cookie suivant : <em>wp-wpml_current_language<\/em>, qui d\u00e9termine le code du pays de l&#8217;utilisateur (selon son adresse IP), et peut d\u00e9terminer la langue d&#8217;affichage par d\u00e9faut la plus adapt\u00e9e pour les visiteurs.<\/p>\n<p>[\/vc_column_text][vc_column_text]<strong>3) Combien de temps sont utilis\u00e9s les cookies ?<\/strong><\/p>\n<p style=\"text-align: justify;\">L\u2019usage des Cookies peut \u00eatre limit\u00e9 \u00e0 la dur\u00e9e de votre navigation sur le site avec une suppression automatique lorsque vous quittez le site et ne saurait, en tout \u00e9tat de cause, d\u00e9passer une dur\u00e9e d\u2019utilisation de six (6) mois \u00e0 l\u2019exception des Cookies de mesure d\u2019audience qui peuvent \u00eatre conserv\u00e9s jusqu\u2019\u00e0 13 (treize) mois.<\/p>\n<p>[\/vc_column_text][vc_column_text]<\/p>\n<p style=\"text-align: justify;\"><strong>4) Comment accepter ou d\u00e9sactiver les cookies ?<\/strong><\/p>\n<p style=\"text-align: justify;\">Votre consentement pr\u00e9alable est n\u00e9cessaire avant l\u2019installation de certains Cookies.<\/p>\n<p style=\"text-align: justify;\">Ainsi, lors de votre premi\u00e8re visite sur le site, un \u00ab\u00a0Bandeau cookies\u00a0\u00bb appara\u00eet en page d\u2019acc\u00e8s qui vous permet d\u2019accepter l\u2019ensemble des familles de Cookies, de les refuser, ou de personnaliser vos choix. Cliquer sur \u00ab\u00a0Personnaliser mes choix\u00a0\u00bb vous permettra d\u2019effectuer vos choix.<\/p>\n<p style=\"text-align: justify;\">Vous serez libre de modifier vos choix \u00e0 tout moment <a href=\"#\"><u>en cliquant ici<\/u>.<\/a><\/p>\n<p style=\"text-align: justify;\">Il vous est \u00e9galement possible de vous opposer par d\u00e9faut au d\u00e9p\u00f4t de Cookies en configurant votre navigateur. En effet, votre navigateur peut \u00eatre configur\u00e9 pour accepter automatiquement les Cookies ou les refuser. Vous avez \u00e9galement la possibilit\u00e9 de d\u00e9sactiver le stockage des Cookies, d\u2019\u00eatre alert\u00e9 quand un Cookie est \u00e9mis et de voir son contenu et sa dur\u00e9e de validit\u00e9.<\/p>\n<p style=\"text-align: justify;\">Le fait de d\u00e9sinstaller un Cookie ou de vous opposer \u00e0 l\u2019installation de Cookies sur vos appareils peut modifier votre exp\u00e9rience de navigation et vous emp\u00eacher de b\u00e9n\u00e9ficier de certains services du site.<\/p>\n<p style=\"text-align: justify;\">Les instructions en mati\u00e8re de Cookies sur les navigateurs les plus couramment utilis\u00e9s sont disponibles <em>via <\/em>les liens suivants\u00a0:<\/p>\n<p style=\"text-align: justify;\">Mozilla Firefox\u00a0:<\/p>\n<p style=\"text-align: justify;\"><a href=\"https:\/\/support.mozilla.org\/fr\/kb\/activer-desactiver-cookies\">https:\/\/support.mozilla.org\/fr\/kb\/activer-desactiver-cookies<\/a> ou <a href=\"https:\/\/support.mozilla.org\/en-US\/kb\/enable-and-disable-cookies-website-preferences\">https:\/\/support.mozilla.org\/en-US\/kb\/enable-and-disable-cookies-website-preferences<\/a><\/p>\n<p style=\"text-align: justify;\">Google Chrome\u00a0:<\/p>\n<p style=\"text-align: justify;\"><a href=\"https:\/\/support.google.com\/chrome\/answer\/95647?hl=fr\">https:\/\/support.google.com\/chrome\/answer\/95647?hl=fr<\/a> ou\u00a0<a href=\"https:\/\/policies.google.com\/technologies\/managing\">https:\/\/policies.google.com\/technologies\/managing<\/a><\/p>\n<p style=\"text-align: justify;\">Apple\u00a0:<\/p>\n<p style=\"text-align: justify;\"><a href=\"http:\/\/support.apple.com\/kb\/HT1677?viewlocale=fr_FR&amp;locale=fr_FR\">http:\/\/support.apple.com\/kb\/HT1677?viewlocale=fr_FR&amp;locale=fr_FR<\/a><\/p>\n<p style=\"text-align: justify;\">Microsoft Edge\u00a0:<\/p>\n<p style=\"text-align: justify;\"><a href=\"https:\/\/support.microsoft.com\/fr-fr\/help\/4468242\/microsoft-edge-browsing-data-and-privacy-microsoft-privacy\">https:\/\/support.microsoft.com\/fr-fr\/help\/4468242\/microsoft-edge-browsing-data-and-privacy-microsoft-privacy<\/a><\/p>\n<p style=\"text-align: justify;\">Opera\u00a0:<\/p>\n<p style=\"text-align: justify;\"><a href=\"https:\/\/help.opera.com\/en\/latest\/web-preferences\/\">https:\/\/help.opera.com\/en\/latest\/web-preferences\/<\/a><\/p>\n<p style=\"text-align: justify;\">Si vous souhaitez de plus amples informations sur les outils de ma\u00eetrise des Cookies, nous vous invitons \u00e0 consulter le lien suivant\u00a0:<\/p>\n<p style=\"text-align: justify;\"><a href=\"http:\/\/www.cnil.fr\/vos-droits\/vos-traces\/les-cookies\">www.cnil.fr\/vos-droits\/vos-traces\/les-cookies<\/a><\/p>\n<p>[\/vc_column_text][\/vc_column][\/vc_row]<\/p>\n<\/div>","protected":false},"excerpt":{"rendered":"<p>[vc_row][vc_column][vc_column_text] Cookie policy [\/vc_column_text][\/vc_column][\/vc_row][vc_row][vc_column width=&#8221;1\/3&#8243;][vc_column_text css=&#8221;.vc_custom_1622621559533{border-top-width: 1px !important;border-right-width: 1px !important;border-bottom-width: 1px !important;border-left-width: 1px !important;padding-top: 10px !important;padding-bottom: 10px !important;background-color: #ededed !important;border-left-color: #cecece !important;border-left-style: solid !important;border-right-color: #cecece !important;border-right-style: solid !important;border-top-color: #cecece !important;border-top-style: solid !important;border-bottom-color: #cecece !important;border-bottom-style: solid !important;}&#8221;] [wt_cli_manage_consent] [\/vc_column_text][\/vc_column][vc_column width=&#8221;1\/3&#8243;][\/vc_column][vc_column width=&#8221;1\/3&#8243;][\/vc_column][\/vc_row][vc_row][vc_column][vc_column_text] 1) Qu&#8217;est-ce qu&#8217;un cookie ? Un Cookie ou \u00ab traceur \u00bb est un petit fichier&hellip;<\/p>\n","protected":false},"author":2,"featured_media":0,"parent":0,"menu_order":0,"comment_status":"closed","ping_status":"closed","template":"","meta":{"inline_featured_image":false,"footnotes":""},"yoast_head":"<!-- This site is optimized with the Yoast SEO plugin v21.8 - https:\/\/yoast.com\/wordpress\/plugins\/seo\/ -->\n<title>Cookie policy - BDGS Associ\u00e9s<\/title>\n<meta name=\"robots\" content=\"index, follow, max-snippet:-1, max-image-preview:large, max-video-preview:-1\" \/>\n<link rel=\"canonical\" href=\"https:\/\/www.bdgs-associes.com\/en\/cookie-policy\/\" \/>\n<meta property=\"og:locale\" content=\"en_US\" \/>\n<meta property=\"og:type\" content=\"article\" \/>\n<meta property=\"og:title\" content=\"Cookie policy - BDGS Associ\u00e9s\" \/>\n<meta property=\"og:description\" content=\"[vc_row][vc_column][vc_column_text] Cookie policy [\/vc_column_text][\/vc_column][\/vc_row][vc_row][vc_column width=&#8221;1\/3&#8243;][vc_column_text css=&#8221;.vc_custom_1622621559533{border-top-width: 1px !important;border-right-width: 1px !important;border-bottom-width: 1px !important;border-left-width: 1px !important;padding-top: 10px !important;padding-bottom: 10px !important;background-color: #ededed !important;border-left-color: #cecece !important;border-left-style: solid !important;border-right-color: #cecece !important;border-right-style: solid !important;border-top-color: #cecece !important;border-top-style: solid !important;border-bottom-color: #cecece !important;border-bottom-style: solid !important;}&#8221;] [wt_cli_manage_consent] [\/vc_column_text][\/vc_column][vc_column width=&#8221;1\/3&#8243;][\/vc_column][vc_column width=&#8221;1\/3&#8243;][\/vc_column][\/vc_row][vc_row][vc_column][vc_column_text] 1) Qu&#8217;est-ce qu&#8217;un cookie ? Un Cookie ou \u00ab traceur \u00bb est un petit fichier&hellip;\" \/>\n<meta property=\"og:url\" content=\"https:\/\/www.bdgs-associes.com\/en\/cookie-policy\/\" \/>\n<meta property=\"og:site_name\" content=\"BDGS Associ\u00e9s\" \/>\n<meta property=\"article:modified_time\" content=\"2021-06-02T08:15:57+00:00\" \/>\n<meta name=\"twitter:card\" content=\"summary_large_image\" \/>\n<meta name=\"twitter:label1\" content=\"Est. reading time\" \/>\n\t<meta name=\"twitter:data1\" content=\"4 minutes\" \/>\n<script type=\"application\/ld+json\" class=\"yoast-schema-graph\">{\"@context\":\"https:\/\/schema.org\",\"@graph\":[{\"@type\":\"WebPage\",\"@id\":\"https:\/\/www.bdgs-associes.com\/en\/cookie-policy\/\",\"url\":\"https:\/\/www.bdgs-associes.com\/en\/cookie-policy\/\",\"name\":\"Cookie policy - BDGS Associ\u00e9s\",\"isPartOf\":{\"@id\":\"https:\/\/www.bdgs-associes.com\/en\/#website\"},\"datePublished\":\"2021-06-02T08:15:30+00:00\",\"dateModified\":\"2021-06-02T08:15:57+00:00\",\"breadcrumb\":{\"@id\":\"https:\/\/www.bdgs-associes.com\/en\/cookie-policy\/#breadcrumb\"},\"inLanguage\":\"en-US\",\"potentialAction\":[{\"@type\":\"ReadAction\",\"target\":[\"https:\/\/www.bdgs-associes.com\/en\/cookie-policy\/\"]}]},{\"@type\":\"BreadcrumbList\",\"@id\":\"https:\/\/www.bdgs-associes.com\/en\/cookie-policy\/#breadcrumb\",\"itemListElement\":[{\"@type\":\"ListItem\",\"position\":1,\"name\":\"Accueil\",\"item\":\"https:\/\/www.bdgs-associes.com\/en\/\"},{\"@type\":\"ListItem\",\"position\":2,\"name\":\"Cookie policy\"}]},{\"@type\":\"WebSite\",\"@id\":\"https:\/\/www.bdgs-associes.com\/en\/#website\",\"url\":\"https:\/\/www.bdgs-associes.com\/en\/\",\"name\":\"BDGS Associ\u00e9s\",\"description\":\"Un cabinet ind\u00e9pendant en droit des affaires\",\"potentialAction\":[{\"@type\":\"SearchAction\",\"target\":{\"@type\":\"EntryPoint\",\"urlTemplate\":\"https:\/\/www.bdgs-associes.com\/en\/?s={search_term_string}\"},\"query-input\":\"required name=search_term_string\"}],\"inLanguage\":\"en-US\"}]}<\/script>\n<!-- \/ Yoast SEO plugin. -->","yoast_head_json":{"title":"Cookie policy - BDGS Associ\u00e9s","robots":{"index":"index","follow":"follow","max-snippet":"max-snippet:-1","max-image-preview":"max-image-preview:large","max-video-preview":"max-video-preview:-1"},"canonical":"https:\/\/www.bdgs-associes.com\/en\/cookie-policy\/","og_locale":"en_US","og_type":"article","og_title":"Cookie policy - BDGS Associ\u00e9s","og_description":"[vc_row][vc_column][vc_column_text] Cookie policy [\/vc_column_text][\/vc_column][\/vc_row][vc_row][vc_column width=&#8221;1\/3&#8243;][vc_column_text css=&#8221;.vc_custom_1622621559533{border-top-width: 1px !important;border-right-width: 1px !important;border-bottom-width: 1px !important;border-left-width: 1px !important;padding-top: 10px !important;padding-bottom: 10px !important;background-color: #ededed !important;border-left-color: #cecece !important;border-left-style: solid !important;border-right-color: #cecece !important;border-right-style: solid !important;border-top-color: #cecece !important;border-top-style: solid !important;border-bottom-color: #cecece !important;border-bottom-style: solid !important;}&#8221;] [wt_cli_manage_consent] [\/vc_column_text][\/vc_column][vc_column width=&#8221;1\/3&#8243;][\/vc_column][vc_column width=&#8221;1\/3&#8243;][\/vc_column][\/vc_row][vc_row][vc_column][vc_column_text] 1) Qu&#8217;est-ce qu&#8217;un cookie ? Un Cookie ou \u00ab traceur \u00bb est un petit fichier&hellip;","og_url":"https:\/\/www.bdgs-associes.com\/en\/cookie-policy\/","og_site_name":"BDGS Associ\u00e9s","article_modified_time":"2021-06-02T08:15:57+00:00","twitter_card":"summary_large_image","twitter_misc":{"Est. reading time":"4 minutes"},"schema":{"@context":"https:\/\/schema.org","@graph":[{"@type":"WebPage","@id":"https:\/\/www.bdgs-associes.com\/en\/cookie-policy\/","url":"https:\/\/www.bdgs-associes.com\/en\/cookie-policy\/","name":"Cookie policy - BDGS Associ\u00e9s","isPartOf":{"@id":"https:\/\/www.bdgs-associes.com\/en\/#website"},"datePublished":"2021-06-02T08:15:30+00:00","dateModified":"2021-06-02T08:15:57+00:00","breadcrumb":{"@id":"https:\/\/www.bdgs-associes.com\/en\/cookie-policy\/#breadcrumb"},"inLanguage":"en-US","potentialAction":[{"@type":"ReadAction","target":["https:\/\/www.bdgs-associes.com\/en\/cookie-policy\/"]}]},{"@type":"BreadcrumbList","@id":"https:\/\/www.bdgs-associes.com\/en\/cookie-policy\/#breadcrumb","itemListElement":[{"@type":"ListItem","position":1,"name":"Accueil","item":"https:\/\/www.bdgs-associes.com\/en\/"},{"@type":"ListItem","position":2,"name":"Cookie policy"}]},{"@type":"WebSite","@id":"https:\/\/www.bdgs-associes.com\/en\/#website","url":"https:\/\/www.bdgs-associes.com\/en\/","name":"BDGS Associ\u00e9s","description":"Un cabinet ind\u00e9pendant en droit des affaires","potentialAction":[{"@type":"SearchAction","target":{"@type":"EntryPoint","urlTemplate":"https:\/\/www.bdgs-associes.com\/en\/?s={search_term_string}"},"query-input":"required name=search_term_string"}],"inLanguage":"en-US"}]}},"_links":{"self":[{"href":"https:\/\/www.bdgs-associes.com\/en\/wp-json\/wp\/v2\/pages\/2612"}],"collection":[{"href":"https:\/\/www.bdgs-associes.com\/en\/wp-json\/wp\/v2\/pages"}],"about":[{"href":"https:\/\/www.bdgs-associes.com\/en\/wp-json\/wp\/v2\/types\/page"}],"author":[{"embeddable":true,"href":"https:\/\/www.bdgs-associes.com\/en\/wp-json\/wp\/v2\/users\/2"}],"replies":[{"embeddable":true,"href":"https:\/\/www.bdgs-associes.com\/en\/wp-json\/wp\/v2\/comments?post=2612"}],"version-history":[{"count":3,"href":"https:\/\/www.bdgs-associes.com\/en\/wp-json\/wp\/v2\/pages\/2612\/revisions"}],"predecessor-version":[{"id":2717,"href":"https:\/\/www.bdgs-associes.com\/en\/wp-json\/wp\/v2\/pages\/2612\/revisions\/2717"}],"wp:attachment":[{"href":"https:\/\/www.bdgs-associes.com\/en\/wp-json\/wp\/v2\/media?parent=2612"}],"curies":[{"name":"wp","href":"https:\/\/api.w.org\/{rel}","templated":true}]}}