{"id":959,"date":"2019-09-27T16:35:44","date_gmt":"2019-09-27T14:35:44","guid":{"rendered":"http:\/\/www.bdgs-associes.com\/legal-notices\/"},"modified":"2022-06-14T15:31:04","modified_gmt":"2022-06-14T13:31:04","slug":"legal-notices","status":"publish","type":"page","link":"https:\/\/www.bdgs-associes.com\/en\/legal-notices\/","title":{"rendered":"Legal notices"},"content":{"rendered":"<div class=\"wpb-content-wrapper\"><p>[vc_row][vc_column][vc_row_inner][vc_column_inner][vc_column_text]<\/p>\n<h1>Legal notice<\/h1>\n<p>[\/vc_column_text][\/vc_column_inner][\/vc_row_inner][vc_column_text]<\/p>\n<h3>Edition and contact<\/h3>\n<p>This website (<a href=\"https:\/\/www.bdgs-associes.com\">www.bdgs-associes.com<\/a> or <a href=\"http:\/\/www.bdgs-associes.fr\">www.bdgs-associes.fr<\/a>; hereafter the &#8220;Website&#8221;) is edited by the law firm BDGS Associ\u00e9s, an <em>association d&#8217;avocats \u00e0 responsabilit\u00e9 professionnelle individuelle<\/em> regulated by the Paris Bar, currently being registered with the Paris Trade registry, n\u00b0 SIRET : 793 138 942 000 16, located at 51 Rue Fran\u00e7ois 1er, 75008 Paris, France, Telephone : +33 (0)1 42 99 22 22, Fax : +33 (0)1 42 99 22 41 and Mail: contact@bdgs-associes.com (hereafter the &#8220;Firm&#8221;).<\/p>\n<p>The publisher of the website is Jean-Emmanuel Skovron, avocat au Barreau de Paris.<\/p>\n<p>This <a href=\"https:\/\/obviews.fr\/\" target=\"_blank\" rel=\"noopener\">website<\/a> has been developed by <a href=\"https:\/\/obviews.fr\/\" target=\"_blank\" rel=\"noopener\">Obviews<\/a> (<a href=\"http:\/\/obviews.fr\">obviews.fr<\/a>).<\/p>\n<p>This website is hosted by Maia Solutions, SAS , with a registered capital of 5000 euros, located at 95 rue du Marais fauvettes, 91210 Draveil and registered at the Cr\u00e9teil Trade registry under number 504 541 491 00024.[\/vc_column_text][vc_column_text]<\/p>\n<h3>General term of use<\/h3>\n<p>By accessing, viewing and using the Website and\/or by sending an email to the Firm or to one of the Firm\u2019s lawyers through a \u201cmail to\u201d link found on the Site, any user (hereafter the &#8220;User&#8221;) indicates that he understands and accepts without reservation the following terms &amp; conditions of use.<\/p>\n<p>The Website and any data, information and documents provided therein are intended to provide general and non-exhaustive information relating to the Firm and its areas of business and cannot in any way be regarded or interpreted as canvassing, soliciting, providing legal advice and\/or an offer of services.<\/p>\n<p>The act of sending an e-mail to the Firm or any of the Firm\u2019s lawyers does not create an attorney-client relationship. Personal data regarding the Firm\u2019s lawyers displayed on the Website cannot be collected and\/or processed without the prior consent in writing of the person concerned. In particular, any User is forbidden to collect and use, either manually or automatically, such personal data to send advertising or other types of messages not related to the Firm or its lawyers\u2019 practice.<\/p>\n<p>The Website and each of its components, including without limitation texts, articles, newsletters, brochures, plans, keyword tags, pictures, illustrations, photographs, databases, software (hereafter the \u201cProtected Content\u201d) are protected by copyright and other intellectual property laws applicable in France, in other countries and under international treaties. The Firm has the right to use any picture displayed on the Website.<br \/>\nTotal or partial reproduction of Protected Content is prohibited.<\/p>\n<p>The User may display the pages of the Site only on his screen and may reproduce Protected Content temporarily and solely for the purpose of consulting this Site. Each User shall be solely liable for any use of the information contained therein, and the Firm shall not be held responsible for any damage, whether direct or indirect, arising out of the use of such information by the User. Information, materials and publications available at or from the Website are not necessarily accurate, exhaustive or up-to-date. The Firm does not warrant uninterrupted access to the Website.<\/p>\n<p>Hypertext links to a page of the Website or documents contained therein may only be set up and displayed subject to the prior consent in writing of the Firm.<\/p>\n<p>The Website has been declared to the Paris Bar (Ordre des Avocats du Barreau de Paris, 11 place Dauphine, 75053 Paris Cedex 01, France, +331 80 27 19 20, <a href=\"mailto:delegationgenerale@avocatparis.org\">delegationgenerale@avocatparis.org<\/a>). The professional rules applying to the attorneys (&#8220;avocats&#8221;) registered with the Paris Bar are accessible at <a href=\"http:\/\/www.avocatparis.org\/\">www.avocatparis.org<\/a>.<\/p>\n<p>[\/vc_column_text][\/vc_column][\/vc_row]<\/p>\n<\/div>","protected":false},"excerpt":{"rendered":"<p>[vc_row][vc_column][vc_row_inner][vc_column_inner][vc_column_text] Legal notice [\/vc_column_text][\/vc_column_inner][\/vc_row_inner][vc_column_text] Edition and contact This website (www.bdgs-associes.com or www.bdgs-associes.fr; hereafter the &#8220;Website&#8221;) is edited by the law firm BDGS Associ\u00e9s, an association d&#8217;avocats \u00e0 responsabilit\u00e9 professionnelle individuelle regulated by the Paris Bar, currently being registered with the Paris Trade registry, n\u00b0 SIRET : 793 138 942 000 16, located at 51 Rue&hellip;<\/p>\n","protected":false},"author":1,"featured_media":0,"parent":0,"menu_order":0,"comment_status":"closed","ping_status":"closed","template":"","meta":{"inline_featured_image":false,"footnotes":""},"yoast_head":"<!-- This site is optimized with the Yoast SEO plugin v21.8 - https:\/\/yoast.com\/wordpress\/plugins\/seo\/ -->\n<title>Legal notices - BDGS Associ\u00e9s<\/title>\n<meta name=\"robots\" content=\"index, follow, max-snippet:-1, max-image-preview:large, max-video-preview:-1\" \/>\n<link rel=\"canonical\" href=\"https:\/\/www.bdgs-associes.com\/en\/legal-notices\/\" \/>\n<meta property=\"og:locale\" content=\"en_US\" \/>\n<meta property=\"og:type\" content=\"article\" \/>\n<meta property=\"og:title\" content=\"Legal notices - BDGS Associ\u00e9s\" \/>\n<meta property=\"og:description\" content=\"[vc_row][vc_column][vc_row_inner][vc_column_inner][vc_column_text] Legal notice [\/vc_column_text][\/vc_column_inner][\/vc_row_inner][vc_column_text] Edition and contact This website (www.bdgs-associes.com or www.bdgs-associes.fr; hereafter the &#8220;Website&#8221;) is edited by the law firm BDGS Associ\u00e9s, an association d&#8217;avocats \u00e0 responsabilit\u00e9 professionnelle individuelle regulated by the Paris Bar, currently being registered with the Paris Trade registry, n\u00b0 SIRET : 793 138 942 000 16, located at 51 Rue&hellip;\" \/>\n<meta property=\"og:url\" content=\"https:\/\/www.bdgs-associes.com\/en\/legal-notices\/\" \/>\n<meta property=\"og:site_name\" content=\"BDGS Associ\u00e9s\" \/>\n<meta property=\"article:modified_time\" content=\"2022-06-14T13:31:04+00:00\" \/>\n<meta name=\"twitter:card\" content=\"summary_large_image\" \/>\n<meta name=\"twitter:label1\" content=\"Est. reading time\" \/>\n\t<meta name=\"twitter:data1\" content=\"3 minutes\" \/>\n<script type=\"application\/ld+json\" class=\"yoast-schema-graph\">{\"@context\":\"https:\/\/schema.org\",\"@graph\":[{\"@type\":\"WebPage\",\"@id\":\"https:\/\/www.bdgs-associes.com\/en\/legal-notices\/\",\"url\":\"https:\/\/www.bdgs-associes.com\/en\/legal-notices\/\",\"name\":\"Legal notices - BDGS Associ\u00e9s\",\"isPartOf\":{\"@id\":\"https:\/\/www.bdgs-associes.com\/en\/#website\"},\"datePublished\":\"2019-09-27T14:35:44+00:00\",\"dateModified\":\"2022-06-14T13:31:04+00:00\",\"breadcrumb\":{\"@id\":\"https:\/\/www.bdgs-associes.com\/en\/legal-notices\/#breadcrumb\"},\"inLanguage\":\"en-US\",\"potentialAction\":[{\"@type\":\"ReadAction\",\"target\":[\"https:\/\/www.bdgs-associes.com\/en\/legal-notices\/\"]}]},{\"@type\":\"BreadcrumbList\",\"@id\":\"https:\/\/www.bdgs-associes.com\/en\/legal-notices\/#breadcrumb\",\"itemListElement\":[{\"@type\":\"ListItem\",\"position\":1,\"name\":\"Accueil\",\"item\":\"https:\/\/www.bdgs-associes.com\/en\/\"},{\"@type\":\"ListItem\",\"position\":2,\"name\":\"Legal notices\"}]},{\"@type\":\"WebSite\",\"@id\":\"https:\/\/www.bdgs-associes.com\/en\/#website\",\"url\":\"https:\/\/www.bdgs-associes.com\/en\/\",\"name\":\"BDGS Associ\u00e9s\",\"description\":\"Un cabinet ind\u00e9pendant en droit des affaires\",\"potentialAction\":[{\"@type\":\"SearchAction\",\"target\":{\"@type\":\"EntryPoint\",\"urlTemplate\":\"https:\/\/www.bdgs-associes.com\/en\/?s={search_term_string}\"},\"query-input\":\"required name=search_term_string\"}],\"inLanguage\":\"en-US\"}]}<\/script>\n<!-- \/ Yoast SEO plugin. -->","yoast_head_json":{"title":"Legal notices - BDGS Associ\u00e9s","robots":{"index":"index","follow":"follow","max-snippet":"max-snippet:-1","max-image-preview":"max-image-preview:large","max-video-preview":"max-video-preview:-1"},"canonical":"https:\/\/www.bdgs-associes.com\/en\/legal-notices\/","og_locale":"en_US","og_type":"article","og_title":"Legal notices - BDGS Associ\u00e9s","og_description":"[vc_row][vc_column][vc_row_inner][vc_column_inner][vc_column_text] Legal notice [\/vc_column_text][\/vc_column_inner][\/vc_row_inner][vc_column_text] Edition and contact This website (www.bdgs-associes.com or www.bdgs-associes.fr; hereafter the &#8220;Website&#8221;) is edited by the law firm BDGS Associ\u00e9s, an association d&#8217;avocats \u00e0 responsabilit\u00e9 professionnelle individuelle regulated by the Paris Bar, currently being registered with the Paris Trade registry, n\u00b0 SIRET : 793 138 942 000 16, located at 51 Rue&hellip;","og_url":"https:\/\/www.bdgs-associes.com\/en\/legal-notices\/","og_site_name":"BDGS Associ\u00e9s","article_modified_time":"2022-06-14T13:31:04+00:00","twitter_card":"summary_large_image","twitter_misc":{"Est. reading time":"3 minutes"},"schema":{"@context":"https:\/\/schema.org","@graph":[{"@type":"WebPage","@id":"https:\/\/www.bdgs-associes.com\/en\/legal-notices\/","url":"https:\/\/www.bdgs-associes.com\/en\/legal-notices\/","name":"Legal notices - BDGS Associ\u00e9s","isPartOf":{"@id":"https:\/\/www.bdgs-associes.com\/en\/#website"},"datePublished":"2019-09-27T14:35:44+00:00","dateModified":"2022-06-14T13:31:04+00:00","breadcrumb":{"@id":"https:\/\/www.bdgs-associes.com\/en\/legal-notices\/#breadcrumb"},"inLanguage":"en-US","potentialAction":[{"@type":"ReadAction","target":["https:\/\/www.bdgs-associes.com\/en\/legal-notices\/"]}]},{"@type":"BreadcrumbList","@id":"https:\/\/www.bdgs-associes.com\/en\/legal-notices\/#breadcrumb","itemListElement":[{"@type":"ListItem","position":1,"name":"Accueil","item":"https:\/\/www.bdgs-associes.com\/en\/"},{"@type":"ListItem","position":2,"name":"Legal notices"}]},{"@type":"WebSite","@id":"https:\/\/www.bdgs-associes.com\/en\/#website","url":"https:\/\/www.bdgs-associes.com\/en\/","name":"BDGS Associ\u00e9s","description":"Un cabinet ind\u00e9pendant en droit des affaires","potentialAction":[{"@type":"SearchAction","target":{"@type":"EntryPoint","urlTemplate":"https:\/\/www.bdgs-associes.com\/en\/?s={search_term_string}"},"query-input":"required name=search_term_string"}],"inLanguage":"en-US"}]}},"_links":{"self":[{"href":"https:\/\/www.bdgs-associes.com\/en\/wp-json\/wp\/v2\/pages\/959"}],"collection":[{"href":"https:\/\/www.bdgs-associes.com\/en\/wp-json\/wp\/v2\/pages"}],"about":[{"href":"https:\/\/www.bdgs-associes.com\/en\/wp-json\/wp\/v2\/types\/page"}],"author":[{"embeddable":true,"href":"https:\/\/www.bdgs-associes.com\/en\/wp-json\/wp\/v2\/users\/1"}],"replies":[{"embeddable":true,"href":"https:\/\/www.bdgs-associes.com\/en\/wp-json\/wp\/v2\/comments?post=959"}],"version-history":[{"count":9,"href":"https:\/\/www.bdgs-associes.com\/en\/wp-json\/wp\/v2\/pages\/959\/revisions"}],"predecessor-version":[{"id":3711,"href":"https:\/\/www.bdgs-associes.com\/en\/wp-json\/wp\/v2\/pages\/959\/revisions\/3711"}],"wp:attachment":[{"href":"https:\/\/www.bdgs-associes.com\/en\/wp-json\/wp\/v2\/media?parent=959"}],"curies":[{"name":"wp","href":"https:\/\/api.w.org\/{rel}","templated":true}]}}